{"id":1377,"date":"2026-05-11T16:44:39","date_gmt":"2026-05-11T16:44:39","guid":{"rendered":"https:\/\/wellbeinginschools.eu\/?page_id=1377"},"modified":"2026-05-11T16:47:54","modified_gmt":"2026-05-11T16:47:54","slug":"mindfulness-assessment-tool-questions-needs-assessment-guidelines","status":"publish","type":"page","link":"https:\/\/wellbeinginschools.eu\/sk\/mindfulness-assessment-tool-questions-needs-assessment-guidelines\/","title":{"rendered":"Ot\u00e1zky na hodnotenie v\u0161\u00edmavosti a usmernenia na pos\u00fadenie potrieb"},"content":{"rendered":"<p><div class=\"fusion-bg-parallax\" data-bg-align=\"left center\" data-direction=\"left\" data-mute=\"false\" data-opacity=\"100\" data-velocity=\"-0.4\" data-mobile-enabled=\"false\" data-break_parents=\"0\" data-bg-image=\"https:\/\/wellbeinginschools.eu\/wp-content\/uploads\/2026\/02\/library-1-scaled.jpg\" data-bg-repeat=\"false\" ><\/div><div class=\"fusion-fullwidth fullwidth-box fusion-builder-row-1 fusion-flex-container has-pattern-background has-mask-background fusion-parallax-left nonhundred-percent-fullwidth non-hundred-percent-height-scrolling lazyload\" style=\"--awb-background-position:left center;--awb-border-sizes-top:0px;--awb-border-sizes-bottom:0px;--awb-border-sizes-left:0px;--awb-border-sizes-right:0px;--awb-border-radius-top-left:0px;--awb-border-radius-top-right:0px;--awb-border-radius-bottom-right:0px;--awb-border-radius-bottom-left:0px;--awb-padding-top:10%;--awb-padding-right:5%;--awb-padding-bottom:10%;--awb-padding-left:5%;--awb-background-size:cover;--awb-flex-wrap:wrap;\" data-bg=\"https:\/\/wellbeinginschools.eu\/wp-content\/uploads\/2026\/02\/library-1-scaled.jpg\" ><div class=\"fusion-builder-row fusion-row fusion-flex-align-items-flex-start fusion-flex-content-wrap\" style=\"max-width:calc( 1170px + 0px );margin-left: calc(-0px \/ 2 );margin-right: calc(-0px \/ 2 );\"><div class=\"fusion-layout-column fusion_builder_column fusion-builder-column-0 fusion_builder_column_1_1 1_1 fusion-flex-column\" style=\"--awb-bg-blend:overlay;--awb-bg-size:cover;--awb-width-large:100%;--awb-margin-top-large:0px;--awb-spacing-right-large:0px;--awb-margin-bottom-large:30px;--awb-spacing-left-large:0px;--awb-width-medium:100%;--awb-spacing-right-medium:0px;--awb-spacing-left-medium:0px;--awb-width-small:100%;--awb-spacing-right-small:0px;--awb-spacing-left-small:0px;\"><div class=\"fusion-column-wrapper fusion-flex-justify-content-flex-start fusion-content-layout-column\"><div class=\"fusion-title title fusion-title-1 fusion-sep-none fusion-title-center fusion-title-text fusion-title-size-one\" style=\"--awb-text-color:var(--awb-color1);--awb-margin-top:50px;--awb-margin-bottom:30px;--awb-margin-top-medium:20px;\"><h1 class=\"fusion-title-heading title-heading-center fusion-responsive-typography-calculated\" style=\"margin:0;text-transform:capitalize;--fontSize:80;line-height:var(--awb-typography1-line-height);\">N\u00e1stroj na hodnotenie v\u0161\u00edmavosti - ot\u00e1zky &amp; Usmernenie pre hodnotenie potrieb<\/h1><\/div><\/div><\/div><\/div><\/div><div class=\"fusion-fullwidth fullwidth-box fusion-builder-row-2 fusion-flex-container hundred-percent-fullwidth non-hundred-percent-height-scrolling\" style=\"--awb-background-position:left top;--awb-border-sizes-top:0px;--awb-border-sizes-bottom:0px;--awb-border-sizes-left:0px;--awb-border-sizes-right:0px;--awb-border-radius-top-left:0px;--awb-border-radius-top-right:0px;--awb-border-radius-bottom-right:0px;--awb-border-radius-bottom-left:0px;--awb-padding-top:100px;--awb-padding-right:12%;--awb-padding-bottom:115px;--awb-padding-left:12%;--awb-background-color:hsla(var(--awb-color8-h),var(--awb-color8-s),calc( var(--awb-color8-l) + 78% ),var(--awb-color8-a));--awb-flex-wrap:wrap;\" ><div class=\"fusion-builder-row fusion-row fusion-flex-align-items-flex-start fusion-flex-content-wrap\" style=\"width:calc( 100% + 0px ) !important;max-width:calc( 100% + 0px ) !important;margin-left: calc(-0px \/ 2 );margin-right: calc(-0px \/ 2 );\"><div class=\"fusion-layout-column fusion_builder_column fusion-builder-column-1 fusion_builder_column_1_1 1_1 fusion-flex-column\" style=\"--awb-bg-blend:overlay;--awb-bg-size:cover;--awb-width-large:100%;--awb-margin-top-large:0px;--awb-spacing-right-large:calc( 0.02 * calc( 100% - 0px ) );--awb-margin-bottom-large:30px;--awb-spacing-left-large:0px;--awb-width-medium:100%;--awb-spacing-right-medium:0px;--awb-spacing-left-medium:0px;--awb-width-small:100%;--awb-spacing-right-small:0px;--awb-spacing-left-small:0px;\"><div class=\"fusion-column-wrapper fusion-flex-justify-content-flex-start fusion-content-layout-column\"><div class=\"fusion-title title fusion-title-2 fusion-sep-none fusion-title-center fusion-title-text fusion-title-size-three\"><h3 class=\"fusion-title-heading title-heading-center fusion-responsive-typography-calculated\" style=\"margin:0;text-transform:capitalize;--fontSize:22;--minFontSize:22;line-height:2.2;\">N\u00e1stroj na hodnotenie v\u0161\u00edmavosti - ot\u00e1zky &amp; Usmernenie pre hodnotenie potrieb<\/h3><\/div><div class=\"fusion-text fusion-text-1\"><p>Ciele dotazn\u00edkov s\u00fa poskytn\u00fa\u0165 vh\u013ead do toho, ako \u0161tudenti be\u017ene prem\u00fd\u0161\u013eaj\u00fa, c\u00edtia sa a spr\u00e1vaj\u00fa. N\u00e1stroj, integrovan\u00fd do aplik\u00e1cie, pom\u00e1ha vytvori\u0165 personalizovan\u00fa kni\u017enicu obsahu pre ka\u017ed\u00e9ho \u0161tudenta a nav\u00e1dza ich k mindfulness aktivit\u00e1m, ktor\u00e9 m\u00f4\u017eu efekt\u00edvne podpori\u0165 ich ka\u017edodenn\u00fa pohodu.<br \/>\nPokyny s\u00fa navrhnut\u00e9 tak, aby pomohli u\u010dite\u013eom implementova\u0165 u\u010debn\u00e9 osnovy a materi\u00e1ly WellbeingInSchools. S\u00fa koncipovan\u00e9 tak, aby u\u013eah\u010dili implement\u00e1ciu v triede, ktor\u00e1 je inkluz\u00edvna a dostupn\u00e1 pre v\u0161etk\u00fdch \u0161tudentov, bez oh\u013eadu na ich \u0161pecifick\u00e9 potreby alebo schopnosti. Z\u00e1kladom t\u00fdchto pokynov je metodika adapt\u00e1cie STEP (Systematick\u00e1, Triedna, Environment\u00e1lna, Person\u00e1lna), osved\u010den\u00fd r\u00e1mec, ktor\u00fd bol \u00faspe\u0161ne implementovan\u00fd v mnoh\u00fdch r\u00f4znych krajin\u00e1ch a r\u00f4znych typoch aktiv\u00edt.<br \/>\nMetodika STEP poskytuje jednoduch\u00fd, no efekt\u00edvny r\u00e1mec na vykon\u00e1vanie zmien v aktivit\u00e1ch tak, aby boli inkluz\u00edvne pre v\u0161etk\u00fdch a mohli sa ich spolo\u010dne z\u00fa\u010dast\u0148ova\u0165. Pomocou tohto n\u00e1stroja m\u00f4\u017eu u\u010ditelia zabezpe\u010di\u0165, aby v\u0161etci \u0161tudenti za\u017eili benefity cvi\u010den\u00ed v\u0161\u00edmavosti.<\/p>\n<\/div><div style=\"text-align:center;\"><a class=\"fusion-button button-flat button-large button-default fusion-button-default button-1 fusion-button-default-span fusion-button-default-type\" style=\"width:calc(100%);\" target=\"_blank\" rel=\"noopener noreferrer\" href=\"https:\/\/wellbeinginschools.eu\/wp-content\/uploads\/2026\/05\/Assessment-Tool-and-Needs-Assessment-Guidelines_SK.pdf\"><span class=\"fusion-button-text awb-button__text awb-button__text--default\">Stiahnu\u0165 s\u00fabor PDF<\/span><\/a><\/div><\/div><\/div><\/div><\/div><\/p>","protected":false},"excerpt":{"rendered":"","protected":false},"author":1,"featured_media":0,"parent":0,"menu_order":0,"comment_status":"closed","ping_status":"closed","template":"100-width.php","meta":{"footnotes":""},"class_list":["post-1377","page","type-page","status-publish","hentry"],"_links":{"self":[{"href":"https:\/\/wellbeinginschools.eu\/sk\/wp-json\/wp\/v2\/pages\/1377","targetHints":{"allow":["GET"]}}],"collection":[{"href":"https:\/\/wellbeinginschools.eu\/sk\/wp-json\/wp\/v2\/pages"}],"about":[{"href":"https:\/\/wellbeinginschools.eu\/sk\/wp-json\/wp\/v2\/types\/page"}],"author":[{"embeddable":true,"href":"https:\/\/wellbeinginschools.eu\/sk\/wp-json\/wp\/v2\/users\/1"}],"replies":[{"embeddable":true,"href":"https:\/\/wellbeinginschools.eu\/sk\/wp-json\/wp\/v2\/comments?post=1377"}],"version-history":[{"count":3,"href":"https:\/\/wellbeinginschools.eu\/sk\/wp-json\/wp\/v2\/pages\/1377\/revisions"}],"predecessor-version":[{"id":1380,"href":"https:\/\/wellbeinginschools.eu\/sk\/wp-json\/wp\/v2\/pages\/1377\/revisions\/1380"}],"wp:attachment":[{"href":"https:\/\/wellbeinginschools.eu\/sk\/wp-json\/wp\/v2\/media?parent=1377"}],"curies":[{"name":"wp","href":"https:\/\/api.w.org\/{rel}","templated":true}]}}