{"id":3,"date":"2026-02-02T17:08:12","date_gmt":"2026-02-02T17:08:12","guid":{"rendered":"https:\/\/wellbeinginschools.eu\/?page_id=3"},"modified":"2026-02-03T12:03:49","modified_gmt":"2026-02-03T12:03:49","slug":"privacy-policy","status":"publish","type":"page","link":"https:\/\/wellbeinginschools.eu\/fi\/privacy-policy\/","title":{"rendered":"Tietosuojak\u00e4yt\u00e4nt\u00f6"},"content":{"rendered":"<div class=\"fusion-fullwidth fullwidth-box fusion-builder-row-1 fusion-flex-container nonhundred-percent-fullwidth non-hundred-percent-height-scrolling\" style=\"--awb-border-radius-top-left:0px;--awb-border-radius-top-right:0px;--awb-border-radius-bottom-right:0px;--awb-border-radius-bottom-left:0px;--awb-flex-wrap:wrap;\" ><div class=\"fusion-builder-row fusion-row fusion-flex-align-items-flex-start fusion-flex-content-wrap\" style=\"max-width:1216.8px;margin-left: calc(-4% \/ 2 );margin-right: calc(-4% \/ 2 );\"><div class=\"fusion-layout-column fusion_builder_column fusion-builder-column-0 fusion_builder_column_1_1 1_1 fusion-flex-column\" style=\"--awb-bg-size:cover;--awb-width-large:100%;--awb-margin-top-large:0px;--awb-spacing-right-large:1.92%;--awb-margin-bottom-large:0px;--awb-spacing-left-large:1.92%;--awb-width-medium:100%;--awb-spacing-right-medium:1.92%;--awb-spacing-left-medium:1.92%;--awb-width-small:100%;--awb-spacing-right-small:1.92%;--awb-spacing-left-small:1.92%;\"><div class=\"fusion-column-wrapper fusion-flex-justify-content-flex-start fusion-content-layout-column\"><div class=\"fusion-text fusion-text-1\"><h1 data-path-to-node=\"3\">Tietosuojak\u00e4yt\u00e4nt\u00f6<\/h1>\n<p data-path-to-node=\"4\"><b data-path-to-node=\"4\" data-index-in-node=\"0\">Voimaantulop\u00e4iv\u00e4:<\/b>\u00a001\/2026<\/p>\n<p data-path-to-node=\"5\"><b data-path-to-node=\"5\" data-index-in-node=\"0\">WELLBEINGINSCHOOLS<\/b>\u00a0toimii\u00a0<a class=\"ng-star-inserted\" href=\"https:\/\/wellbeinginschools.eu\/fi\/\" target=\"_blank\" rel=\"noopener\" data-hveid=\"0\" data-ved=\"0CAAQ_4QMahcKEwjE8u3j9bCSAxUAAAAAHQAAAAAQSw\">https:\/\/wellbeinginschools.eu\/<\/a>\u00a0verkkosivusto (j\u00e4ljemp\u00e4n\u00e4 \u201cPalvelu\u201d).<\/p>\n<p data-path-to-node=\"6\">T\u00e4ll\u00e4 sivulla kerrotaan sinulle k\u00e4yt\u00e4nn\u00f6ist\u00e4mme, jotka koskevat henkil\u00f6tietojen ker\u00e4\u00e4mist\u00e4, k\u00e4ytt\u00f6\u00e4 ja luovuttamista, kun k\u00e4yt\u00e4t palvelua, sek\u00e4 n\u00e4ihin tietoihin liittyvist\u00e4 valinnoista.<\/p>\n<p data-path-to-node=\"7\">K\u00e4yt\u00e4mme tietojasi palvelun tarjoamiseen ja parantamiseen. K\u00e4ytt\u00e4m\u00e4ll\u00e4 palvelua hyv\u00e4ksyt tietojen ker\u00e4\u00e4misen ja k\u00e4yt\u00f6n t\u00e4m\u00e4n k\u00e4yt\u00e4nn\u00f6n mukaisesti. Ellei t\u00e4ss\u00e4 tietosuojak\u00e4yt\u00e4nn\u00f6ss\u00e4 ole toisin m\u00e4\u00e4ritelty, t\u00e4ss\u00e4 tietosuojak\u00e4yt\u00e4nn\u00f6ss\u00e4 k\u00e4ytetyill\u00e4 termeill\u00e4 on sama merkitys kuin k\u00e4ytt\u00f6ehdoissamme.<\/p>\n<h2 data-path-to-node=\"8\">M\u00e4\u00e4ritelm\u00e4t<\/h2>\n<ul data-path-to-node=\"9\">\n<li>\n<p data-path-to-node=\"9,0,0\"><b data-path-to-node=\"9,0,0\" data-index-in-node=\"0\">Palvelu:<\/b> Palvelulla tarkoitetaan <a href=\"https:\/\/wellbeinginschools.eu\/fi\/\">https:\/\/wellbeinginschools.eu\/<\/a> verkkosivusto, jota yll\u00e4pit\u00e4\u00e4 <b data-path-to-node=\"5\" data-index-in-node=\"0\">WELLBEINGINSCHOOLS<\/b>.<\/p>\n<\/li>\n<li>\n<p data-path-to-node=\"9,1,0\"><b data-path-to-node=\"9,1,0\" data-index-in-node=\"0\">Henkil\u00f6tiedot:<\/b>\u00a0Henkil\u00f6tiedoilla tarkoitetaan tietoja el\u00e4v\u00e4st\u00e4 henkil\u00f6st\u00e4, joka voidaan tunnistaa n\u00e4iden tietojen perusteella (tai n\u00e4iden ja muiden hallussamme olevien tai todenn\u00e4k\u00f6isesti hallussamme olevien tietojen perusteella).<\/p>\n<\/li>\n<li>\n<p data-path-to-node=\"9,2,0\"><b data-path-to-node=\"9,2,0\" data-index-in-node=\"0\">K\u00e4ytt\u00f6tiedot:<\/b>\u00a0K\u00e4ytt\u00f6tiedot ovat tietoja, jotka ker\u00e4t\u00e4\u00e4n automaattisesti joko Palvelun k\u00e4yt\u00f6st\u00e4 tai itse Palvelun infrastruktuurista (esimerkiksi sivuk\u00e4ynnin kesto).<\/p>\n<\/li>\n<li>\n<p data-path-to-node=\"9,3,0\"><b data-path-to-node=\"9,3,0\" data-index-in-node=\"0\">Ev\u00e4steet:<\/b>\u00a0Ev\u00e4steet ovat pieni\u00e4 tietoja, jotka tallennetaan laitteeseesi (tietokoneeseen tai mobiililaitteeseen).<\/p>\n<\/li>\n<li>\n<p data-path-to-node=\"9,4,0\"><b data-path-to-node=\"9,4,0\" data-index-in-node=\"0\">Rekisterinpit\u00e4j\u00e4:<\/b>\u00a0Rekisterinpit\u00e4j\u00e4ll\u00e4 tarkoitetaan luonnollista henkil\u00f6\u00e4 tai oikeushenkil\u00f6\u00e4, joka (joko yksin tai yhdess\u00e4 tai yhdess\u00e4 muiden henkil\u00f6iden kanssa) p\u00e4\u00e4tt\u00e4\u00e4, mihin tarkoituksiin ja mill\u00e4 tavalla henkil\u00f6tietoja k\u00e4sitell\u00e4\u00e4n tai k\u00e4sitell\u00e4\u00e4n. T\u00e4ss\u00e4 tietosuojak\u00e4yt\u00e4nn\u00f6ss\u00e4 me olemme henkil\u00f6tietojesi rekisterinpit\u00e4j\u00e4.<\/p>\n<\/li>\n<li>\n<p data-path-to-node=\"9,5,0\"><b data-path-to-node=\"9,5,0\" data-index-in-node=\"0\">Tietojen k\u00e4sittelij\u00e4t (tai palveluntarjoajat):<\/b>\u00a0Tietojen k\u00e4sittelij\u00e4 (tai palveluntarjoaja) tarkoittaa luonnollista henkil\u00f6\u00e4 tai oikeushenkil\u00f6\u00e4, joka k\u00e4sittelee tietoja rekisterinpit\u00e4j\u00e4n puolesta. Voimme k\u00e4ytt\u00e4\u00e4 eri palveluntarjoajien palveluja k\u00e4sitelless\u00e4mme tietojasi tehokkaammin.<\/p>\n<\/li>\n<li>\n<p data-path-to-node=\"9,6,0\"><b data-path-to-node=\"9,6,0\" data-index-in-node=\"0\">Rekister\u00f6ity (tai k\u00e4ytt\u00e4j\u00e4):<\/b>\u00a0Rekister\u00f6ity on kuka tahansa elossa oleva henkil\u00f6, joka k\u00e4ytt\u00e4\u00e4 palveluitamme ja josta on ker\u00e4tty henkil\u00f6tietoja.<\/p>\n<\/li>\n<\/ul>\n<h2 data-path-to-node=\"10\">Tietojen ker\u00e4\u00e4minen ja k\u00e4ytt\u00f6<\/h2>\n<p data-path-to-node=\"11\">Ker\u00e4\u00e4mme useita erilaisia tietoja eri tarkoituksiin tarjotaksemme ja parantaaksemme palveluamme sinulle.<\/p>\n<h3 data-path-to-node=\"12\">Ker\u00e4tt\u00e4vien tietojen tyypit<\/h3>\n<h4 data-path-to-node=\"13\">Henkil\u00f6tiedot<\/h4>\n<p data-path-to-node=\"14\">Palvelua k\u00e4ytt\u00e4ess\u00e4si saatamme pyyt\u00e4\u00e4 sinua antamaan meille tiettyj\u00e4 henkil\u00f6kohtaisesti tunnistettavia tietoja, joita voidaan k\u00e4ytt\u00e4\u00e4 yhteydenottoon tai tunnistamiseen (\u201cHenkil\u00f6tiedot\u201d). Henkil\u00f6kohtaisesti tunnistettavia tietoja voivat olla muun muassa seuraavat:<\/p>\n<ul data-path-to-node=\"15\">\n<li>\n<p data-path-to-node=\"15,0,0\">S\u00e4hk\u00f6postiosoite<\/p>\n<\/li>\n<li>\n<p data-path-to-node=\"15,1,0\">Etunimi ja sukunimi<\/p>\n<\/li>\n<li>\n<p data-path-to-node=\"15,2,0\">Puhelinnumero<\/p>\n<\/li>\n<li>\n<p data-path-to-node=\"15,3,0\">Osoite, osavaltio, provinssi, postinumero, kaupunki<\/p>\n<\/li>\n<li>\n<p data-path-to-node=\"15,4,0\">Ev\u00e4steet ja k\u00e4ytt\u00f6tiedot<\/p>\n<\/li>\n<\/ul>\n<p data-path-to-node=\"16\">Saatamme k\u00e4ytt\u00e4\u00e4 henkil\u00f6tietojasi ottaaksemme sinuun yhteytt\u00e4 uutiskirjeill\u00e4, markkinointi- tai mainosmateriaaleilla ja muilla sinua mahdollisesti kiinnostavilla tiedoilla. Voit kielt\u00e4yty\u00e4 vastaanottamasta mit\u00e4\u00e4n tai kaikkia n\u00e4it\u00e4 viestej\u00e4 meilt\u00e4 seuraamalla l\u00e4hett\u00e4miss\u00e4mme s\u00e4hk\u00f6postiviesteiss\u00e4 olevaa tilauksen peruutuslinkki\u00e4 tai ohjeita.<\/p>\n<h4 data-path-to-node=\"17\">K\u00e4ytt\u00f6tiedot<\/h4>\n<p data-path-to-node=\"18\">Saatamme my\u00f6s ker\u00e4t\u00e4 tietoja, jotka selaimesi l\u00e4hett\u00e4\u00e4, kun vierailet palvelussamme tai kun k\u00e4yt\u00e4t palvelua mobiililaitteella tai mobiililaitteen kautta (\u201cK\u00e4ytt\u00f6tiedot\u201d).<\/p>\n<p data-path-to-node=\"19\">N\u00e4m\u00e4 k\u00e4ytt\u00f6tiedot voivat sis\u00e4lt\u00e4\u00e4 tietoja, kuten tietokoneen Internet-protokollaosoite (esim. IP-osoite), selaimen tyyppi, selainversio, palvelumme sivut, joilla vierailet, vierailun aika ja p\u00e4iv\u00e4m\u00e4\u00e4r\u00e4, kyseisill\u00e4 sivuilla vietetty aika, yksil\u00f6lliset laitetunnisteet ja muut diagnostiset tiedot.<\/p>\n<p data-path-to-node=\"20\">Kun k\u00e4yt\u00e4t palvelua mobiililaitteella tai mobiililaitteen kautta, n\u00e4m\u00e4 k\u00e4ytt\u00f6tiedot voivat sis\u00e4lt\u00e4\u00e4 tietoja, kuten k\u00e4ytt\u00e4m\u00e4si mobiililaitteen tyyppi, mobiililaitteesi yksil\u00f6llinen tunniste, mobiililaitteesi IP-osoite, mobiililaitteesi k\u00e4ytt\u00f6j\u00e4rjestelm\u00e4, k\u00e4ytt\u00e4m\u00e4si mobiililaitteen Internet-selaimen tyyppi, yksil\u00f6lliset laitetunnisteet ja muut diagnostiset tiedot.<\/p>\n<h4 data-path-to-node=\"21\">Seuranta- ja ev\u00e4stetiedot<\/h4>\n<p data-path-to-node=\"22\">K\u00e4yt\u00e4mme ev\u00e4steit\u00e4 ja vastaavia seurantatekniikoita palvelumme toiminnan seuraamiseen ja tiettyjen tietojen s\u00e4ilytt\u00e4miseen.<\/p>\n<p data-path-to-node=\"23\">Ev\u00e4steet ovat tiedostoja, jotka sis\u00e4lt\u00e4v\u00e4t pienen m\u00e4\u00e4r\u00e4n tietoa, joka voi sis\u00e4lt\u00e4\u00e4 anonyymin yksil\u00f6llisen tunnisteen. Ev\u00e4steet l\u00e4hetet\u00e4\u00e4n selaimellesi verkkosivustolta ja tallennetaan laitteellesi. Seurantatekniikoita ovat my\u00f6s majakat, tunnisteet ja skriptit, joita k\u00e4ytet\u00e4\u00e4n tietojen ker\u00e4\u00e4miseen ja seuraamiseen sek\u00e4 palvelumme parantamiseen ja analysointiin.<\/p>\n<p data-path-to-node=\"24\">Voit m\u00e4\u00e4r\u00e4t\u00e4 selaimesi kielt\u00e4ytym\u00e4\u00e4n kaikista ev\u00e4steist\u00e4 tai ilmoittamaan, kun ev\u00e4ste l\u00e4hetet\u00e4\u00e4n. Jos et kuitenkaan hyv\u00e4ksy ev\u00e4steit\u00e4, et ehk\u00e4 pysty k\u00e4ytt\u00e4m\u00e4\u00e4n joitakin palvelumme osia.<\/p>\n<p data-path-to-node=\"25\">Esimerkkej\u00e4 k\u00e4ytt\u00e4mist\u00e4mme ev\u00e4steist\u00e4:<\/p>\n<ul data-path-to-node=\"26\">\n<li>\n<p data-path-to-node=\"26,0,0\"><b data-path-to-node=\"26,0,0\" data-index-in-node=\"0\">Istuntoev\u00e4steet.<\/b>\u00a0K\u00e4yt\u00e4mme istuntoev\u00e4stej\u00e4 palvelumme k\u00e4ytt\u00e4miseen.<\/p>\n<\/li>\n<li>\n<p data-path-to-node=\"26,1,0\"><b data-path-to-node=\"26,1,0\" data-index-in-node=\"0\">Mieltymysev\u00e4steet.<\/b>\u00a0K\u00e4yt\u00e4mme suositusev\u00e4steit\u00e4, jotta voimme muistaa asetuksesi ja erilaiset asetukset.<\/p>\n<\/li>\n<li>\n<p data-path-to-node=\"26,2,0\"><b data-path-to-node=\"26,2,0\" data-index-in-node=\"0\">Turvallisuusev\u00e4steet.<\/b>\u00a0K\u00e4yt\u00e4mme turvallisuusev\u00e4stej\u00e4 turvallisuustarkoituksiin.<\/p>\n<\/li>\n<\/ul>\n<h2 data-path-to-node=\"27\">Tietojen k\u00e4ytt\u00f6<\/h2>\n<p data-path-to-node=\"28\"><b data-path-to-node=\"5\" data-index-in-node=\"0\">WELLBEINGINSCHOOLS<\/b> k\u00e4ytt\u00e4\u00e4 ker\u00e4ttyj\u00e4 tietoja eri tarkoituksiin:<\/p>\n<ul data-path-to-node=\"29\">\n<li>\n<p data-path-to-node=\"29,0,0\">Palvelun tarjoaminen ja yll\u00e4pit\u00e4minen<\/p>\n<\/li>\n<li>\n<p data-path-to-node=\"29,1,0\">Ilmoittaaksemme sinulle palvelumme muutoksista<\/p>\n<\/li>\n<li>\n<p data-path-to-node=\"29,2,0\">Jotta voit osallistua palvelumme vuorovaikutteisiin ominaisuuksiin, kun p\u00e4\u00e4t\u00e4t tehd\u00e4 niin.<\/p>\n<\/li>\n<li>\n<p data-path-to-node=\"29,3,0\">Asiakastuen tarjoaminen<\/p>\n<\/li>\n<li>\n<p data-path-to-node=\"29,4,0\">Ker\u00e4t\u00e4ksemme analyysej\u00e4 tai arvokasta tietoa, jotta voimme parantaa palveluitamme.<\/p>\n<\/li>\n<li>\n<p data-path-to-node=\"29,5,0\">Palvelumme k\u00e4yt\u00f6n seurantaan<\/p>\n<\/li>\n<li>\n<p data-path-to-node=\"29,6,0\">Teknisten ongelmien havaitseminen, ehk\u00e4iseminen ja ratkaiseminen<\/p>\n<\/li>\n<li>\n<p data-path-to-node=\"29,7,0\">Uutisten, erikoistarjousten ja yleisten tietojen toimittaminen muista tarjoamistamme tavaroista, palveluista ja tapahtumista, jotka ovat samankaltaisia kuin ne, jotka olet jo ostanut tai joista olet kysynyt, ellet ole p\u00e4\u00e4tt\u00e4nyt olla vastaanottamatta t\u00e4llaisia tietoja.<\/p>\n<\/li>\n<\/ul>\n<h2 data-path-to-node=\"30\">Henkil\u00f6tietojen k\u00e4sittelyn oikeusperusta yleisen tietosuoja-asetuksen (GDPR) mukaisesti<\/h2>\n<p data-path-to-node=\"31\">Jos olet Euroopan talousalueelta (ETA), <b data-path-to-node=\"5\" data-index-in-node=\"0\">WELLBEINGINSCHOOLS<\/b> oikeusperuste t\u00e4ss\u00e4 tietosuojak\u00e4yt\u00e4nn\u00f6ss\u00e4 kuvattujen henkil\u00f6tietojen ker\u00e4\u00e4miselle ja k\u00e4yt\u00f6lle riippuu ker\u00e4\u00e4mist\u00e4mme henkil\u00f6tiedoista ja siit\u00e4, miss\u00e4 yhteydess\u00e4 ker\u00e4\u00e4mme niit\u00e4.<\/p>\n<p data-path-to-node=\"32\"><b data-path-to-node=\"5\" data-index-in-node=\"0\">WELLBEINGINSCHOOLS<\/b> voi k\u00e4sitell\u00e4 henkil\u00f6tietojasi, koska:<\/p>\n<ul data-path-to-node=\"33\">\n<li>\n<p data-path-to-node=\"33,0,0\">Meid\u00e4n on teht\u00e4v\u00e4 sopimus kanssasi<\/p>\n<\/li>\n<li>\n<p data-path-to-node=\"33,1,0\">Olet antanut meille luvan tehd\u00e4 niin<\/p>\n<\/li>\n<li>\n<p data-path-to-node=\"33,2,0\">K\u00e4sittely tapahtuu oikeutettujen etujemme vuoksi, eiv\u00e4tk\u00e4 oikeutesi syrj\u00e4yt\u00e4 niit\u00e4.<\/p>\n<\/li>\n<li>\n<p data-path-to-node=\"33,3,0\">Lain noudattaminen<\/p>\n<\/li>\n<\/ul>\n<h2 data-path-to-node=\"34\">Tietojen s\u00e4ilytt\u00e4minen<\/h2>\n<p data-path-to-node=\"35\"><b data-path-to-node=\"5\" data-index-in-node=\"0\">WELLBEINGINSCHOOLS<\/b> s\u00e4ilytt\u00e4\u00e4 henkil\u00f6tietojasi vain niin kauan kuin se on tarpeen t\u00e4ss\u00e4 tietosuojak\u00e4yt\u00e4nn\u00f6ss\u00e4 esitettyj\u00e4 tarkoituksia varten. S\u00e4ilyt\u00e4mme ja k\u00e4yt\u00e4mme henkil\u00f6tietojasi siin\u00e4 m\u00e4\u00e4rin kuin on tarpeen lakis\u00e4\u00e4teisten velvoitteidemme noudattamiseksi (esimerkiksi jos meid\u00e4n on s\u00e4ilytett\u00e4v\u00e4 tietojasi sovellettavien lakien noudattamiseksi), riitojen ratkaisemiseksi ja oikeudellisten sopimustemme ja k\u00e4yt\u00e4nt\u00f6jemme t\u00e4yt\u00e4nt\u00f6\u00f6npanemiseksi.<\/p>\n<p data-path-to-node=\"36\"><b data-path-to-node=\"5\" data-index-in-node=\"0\">WELLBEINGINSCHOOLS<\/b> s\u00e4ilytt\u00e4\u00e4 my\u00f6s k\u00e4ytt\u00f6tietoja sis\u00e4isi\u00e4 analyysitarkoituksia varten. K\u00e4ytt\u00f6tietoja s\u00e4ilytet\u00e4\u00e4n yleens\u00e4 lyhyemm\u00e4n aikaa, paitsi silloin, kun n\u00e4it\u00e4 tietoja k\u00e4ytet\u00e4\u00e4n palvelumme turvallisuuden vahvistamiseen tai toiminnallisuuden parantamiseen tai kun olemme lain mukaan velvollisia s\u00e4ilytt\u00e4m\u00e4\u00e4n n\u00e4it\u00e4 tietoja pidemp\u00e4\u00e4n.<\/p>\n<h2 data-path-to-node=\"37\">Tietojen siirto<\/h2>\n<p data-path-to-node=\"38\">Tietosi, mukaan lukien henkil\u00f6tiedot, saatetaan siirt\u00e4\u00e4 ja s\u00e4ilytt\u00e4\u00e4 tietokoneissa, jotka sijaitsevat osavaltiosi, maakuntasi, maasi tai muun valtion laink\u00e4ytt\u00f6alueen ulkopuolella, jossa tietosuojalains\u00e4\u00e4d\u00e4nt\u00f6 saattaa poiketa sinun laink\u00e4ytt\u00f6alueesi lains\u00e4\u00e4d\u00e4nn\u00f6st\u00e4.<\/p>\n<p data-path-to-node=\"39\">Jos sijaitset muualla kuin\u00a0<b data-path-to-node=\"39\" data-index-in-node=\"27\">Kreikka<\/b>\u00a0ja p\u00e4\u00e4t\u00e4t antaa meille tietoja, ota huomioon, ett\u00e4 siirr\u00e4mme tiedot, mukaan lukien henkil\u00f6tiedot, seuraaviin tahoihin\u00a0<b data-path-to-node=\"39\" data-index-in-node=\"142\">Kreikka<\/b>\u00a0ja k\u00e4sittele se siell\u00e4.<\/p>\n<p data-path-to-node=\"40\">Suostumuksesi t\u00e4h\u00e4n tietosuojak\u00e4yt\u00e4nt\u00f6\u00f6n, jota seuraa kyseisten tietojen toimittaminen, merkitsee suostumustasi t\u00e4h\u00e4n siirtoon.<\/p>\n<p data-path-to-node=\"41\"><b data-path-to-node=\"5\" data-index-in-node=\"0\">WELLBEINGINSCHOOLS<\/b> ryhtyy kaikkiin kohtuullisesti tarvittaviin toimiin varmistaakseen, ett\u00e4 tietojasi k\u00e4sitell\u00e4\u00e4n turvallisesti ja t\u00e4m\u00e4n tietosuojak\u00e4yt\u00e4nn\u00f6n mukaisesti, eik\u00e4 henkil\u00f6tietojasi siirret\u00e4 organisaatioon tai maahan, ellei k\u00e4yt\u00f6ss\u00e4 ole riitt\u00e4vi\u00e4 valvontatoimia, mukaan lukien tietojesi ja muiden henkil\u00f6tietojen turvallisuus.<\/p>\n<h2 data-path-to-node=\"42\">Tietojen luovuttaminen<\/h2>\n<h3 data-path-to-node=\"43\">Tietojen luovuttaminen lainvalvontaa varten<\/h3>\n<p data-path-to-node=\"44\">Tietyiss\u00e4 olosuhteissa, <b data-path-to-node=\"5\" data-index-in-node=\"0\">WELLBEINGINSCHOOLS<\/b>\u00a0voi olla velvollinen luovuttamaan henkil\u00f6tietojasi, jos laki tai julkisten viranomaisten (esim. tuomioistuimen tai valtion viraston) p\u00e4tev\u00e4t pyynn\u00f6t sit\u00e4 edellytt\u00e4v\u00e4t.<\/p>\n<h3 data-path-to-node=\"45\">Oikeudelliset vaatimukset<\/h3>\n<p data-path-to-node=\"46\"><b data-path-to-node=\"5\" data-index-in-node=\"0\">WELLBEINGINSCHOOLS<\/b> voi luovuttaa henkil\u00f6tietojasi, jos se on hyv\u00e4ss\u00e4 uskossa sit\u00e4 mielt\u00e4, ett\u00e4 t\u00e4llainen toiminta on tarpeen:<\/p>\n<ul data-path-to-node=\"47\">\n<li>\n<p data-path-to-node=\"47,0,0\">lakis\u00e4\u00e4teisen velvoitteen noudattaminen<\/p>\n<\/li>\n<li>\n<p data-path-to-node=\"47,1,0\">suojellaksemme ja puolustaaksemme seuraavien oikeuksia tai omaisuutta <b data-path-to-node=\"5\" data-index-in-node=\"0\">WELLBEINGINSCHOOLS<\/b><\/p>\n<\/li>\n<li>\n<p data-path-to-node=\"47,2,0\">Palveluun liittyvien mahdollisten v\u00e4\u00e4rink\u00e4yt\u00f6sten est\u00e4miseksi tai tutkimiseksi.<\/p>\n<\/li>\n<li>\n<p data-path-to-node=\"47,3,0\">Palvelun k\u00e4ytt\u00e4jien tai yleis\u00f6n henkil\u00f6kohtaisen turvallisuuden suojelemiseksi.<\/p>\n<\/li>\n<li>\n<p data-path-to-node=\"47,4,0\">Suojautua oikeudelliselta vastuulta<\/p>\n<\/li>\n<\/ul>\n<h2 data-path-to-node=\"48\">Tietoturva<\/h2>\n<p data-path-to-node=\"49\">Tietojesi turvallisuus on meille t\u00e4rke\u00e4\u00e4, mutta muista, ett\u00e4 mik\u00e4\u00e4n Internetin v\u00e4lityksell\u00e4 tapahtuva siirtomenetelm\u00e4 tai s\u00e4hk\u00f6inen tallennusmenetelm\u00e4 ei ole 100%-turvallinen. Vaikka pyrimme k\u00e4ytt\u00e4m\u00e4\u00e4n kaupallisesti hyv\u00e4ksytt\u00e4vi\u00e4 keinoja henkil\u00f6tietojesi suojaamiseksi, emme voi taata niiden ehdotonta turvallisuutta.<\/p>\n<h2 data-path-to-node=\"50\">Yleisen tietosuoja-asetuksen (GDPR) mukaiset tietosuojaoikeutesi<\/h2>\n<p data-path-to-node=\"51\">Jos asut Euroopan talousalueella (ETA), sinulla on tietyt tietosuojaoikeudet. <b data-path-to-node=\"5\" data-index-in-node=\"0\">WELLBEINGINSCHOOLS<\/b> pyrkii ryhtym\u00e4\u00e4n kohtuullisiin toimiin, jotta voit korjata, muuttaa, poistaa tai rajoittaa henkil\u00f6tietojesi k\u00e4ytt\u00f6\u00e4.<\/p>\n<p data-path-to-node=\"52\">Jos haluat tiet\u00e4\u00e4, mit\u00e4 henkil\u00f6tietoja meill\u00e4 on sinusta ja jos haluat, ett\u00e4 ne poistetaan j\u00e4rjestelmist\u00e4mme, ota meihin yhteytt\u00e4.<\/p>\n<p data-path-to-node=\"53\">Tietyiss\u00e4 olosuhteissa sinulla on seuraavat tietosuojaoikeudet:<\/p>\n<ul data-path-to-node=\"54\">\n<li>\n<p data-path-to-node=\"54,0,0\"><b data-path-to-node=\"54,0,0\" data-index-in-node=\"0\">Oikeus tutustua sinusta hallussamme oleviin tietoihin, p\u00e4ivitt\u00e4\u00e4 niit\u00e4 tai poistaa ne.<\/b>\u00a0Aina kun se on mahdollista, voit tarkastella, p\u00e4ivitt\u00e4\u00e4 tai pyyt\u00e4\u00e4 henkil\u00f6tietojasi poistettavaksi suoraan tilisi asetukset-osiossa. Jos et pysty suorittamaan n\u00e4it\u00e4 toimia itse, ota meihin yhteytt\u00e4, niin autamme sinua.<\/p>\n<\/li>\n<li>\n<p data-path-to-node=\"54,1,0\"><b data-path-to-node=\"54,1,0\" data-index-in-node=\"0\">Oikaisuoikeus.<\/b>\u00a0Sinulla on oikeus saada tietosi oikaistua, jos tiedot ovat virheellisi\u00e4 tai puutteellisia.<\/p>\n<\/li>\n<li>\n<p data-path-to-node=\"54,2,0\"><b data-path-to-node=\"54,2,0\" data-index-in-node=\"0\">Oikeus vastustaa.<\/b>\u00a0Sinulla on oikeus vastustaa henkil\u00f6tietojesi k\u00e4sittely\u00e4.<\/p>\n<\/li>\n<li>\n<p data-path-to-node=\"54,3,0\"><b data-path-to-node=\"54,3,0\" data-index-in-node=\"0\">Oikeus rajoituksiin.<\/b>\u00a0Sinulla on oikeus pyyt\u00e4\u00e4, ett\u00e4 rajoitamme henkil\u00f6tietojesi k\u00e4sittely\u00e4.<\/p>\n<\/li>\n<li>\n<p data-path-to-node=\"54,4,0\"><b data-path-to-node=\"54,4,0\" data-index-in-node=\"0\">Oikeus tietojen siirrett\u00e4vyyteen.<\/b>\u00a0Sinulla on oikeus saada kopio sinusta hallussamme olevista tiedoista j\u00e4sennellyss\u00e4, koneellisesti luettavassa ja yleisesti k\u00e4ytetyss\u00e4 muodossa.<\/p>\n<\/li>\n<li>\n<p data-path-to-node=\"54,5,0\"><b data-path-to-node=\"54,5,0\" data-index-in-node=\"0\">Oikeus peruuttaa suostumus.<\/b> Sinulla on my\u00f6s oikeus peruuttaa suostumuksesi milloin tahansa, jos <b data-path-to-node=\"5\" data-index-in-node=\"0\">WELLBEINGINSCHOOLS<\/b> luottanut suostumukseesi henkil\u00f6tietojesi k\u00e4sittelyss\u00e4.<\/p>\n<\/li>\n<\/ul>\n<p data-path-to-node=\"55\">Huomaa, ett\u00e4 saatamme pyyt\u00e4\u00e4 sinua vahvistamaan henkil\u00f6llisyytesi ennen kuin vastaamme t\u00e4llaisiin pyynt\u00f6ihin.<\/p>\n<p data-path-to-node=\"56\">Sinulla on oikeus valittaa tietosuojaviranomaiselle henkil\u00f6tietojesi ker\u00e4\u00e4misest\u00e4 ja k\u00e4yt\u00f6st\u00e4. Lis\u00e4tietoja saat Euroopan talousalueen (ETA) paikalliselta tietosuojaviranomaiselta.<\/p>\n<h2 data-path-to-node=\"57\">Palveluntarjoajat<\/h2>\n<p data-path-to-node=\"58\">Saatamme k\u00e4ytt\u00e4\u00e4 kolmansia osapuolia ja yksityishenkil\u00f6it\u00e4 helpottamaan Palveluamme (\u201cPalveluntarjoajat\u201d), tarjoamaan Palvelua puolestamme, suorittamaan Palveluun liittyvi\u00e4 palveluita tai auttamaan meit\u00e4 Palvelun k\u00e4yt\u00f6n analysoinnissa.<\/p>\n<p data-path-to-node=\"59\">N\u00e4ill\u00e4 kolmansilla osapuolilla on p\u00e4\u00e4sy henkil\u00f6tietoihisi vain n\u00e4iden teht\u00e4vien suorittamiseksi puolestamme, eiv\u00e4tk\u00e4 ne saa luovuttaa tai k\u00e4ytt\u00e4\u00e4 niit\u00e4 mihink\u00e4\u00e4n muuhun tarkoitukseen.<\/p>\n<h3 data-path-to-node=\"60\">Analytiikka<\/h3>\n<p data-path-to-node=\"61\">Saatamme k\u00e4ytt\u00e4\u00e4 kolmannen osapuolen palveluntarjoajia seuraamaan ja analysoimaan palvelumme k\u00e4ytt\u00f6\u00e4.<\/p>\n<ul data-path-to-node=\"62\">\n<li>\n<p data-path-to-node=\"62,0,0\"><b data-path-to-node=\"62,0,0\" data-index-in-node=\"0\">Google Analytics:<\/b>\u00a0Google Analytics on Googlen tarjoama web-analyysipalvelu, joka seuraa ja raportoi verkkosivuston liikennett\u00e4. Google k\u00e4ytt\u00e4\u00e4 ker\u00e4ttyj\u00e4 tietoja palvelumme k\u00e4yt\u00f6n seurantaan ja valvontaan. N\u00e4m\u00e4 tiedot jaetaan muiden Googlen palveluiden kanssa. Google voi k\u00e4ytt\u00e4\u00e4 ker\u00e4ttyj\u00e4 tietoja oman mainosverkostonsa mainosten kontekstualisointiin ja personointiin. Lis\u00e4tietoja Googlen tietosuojak\u00e4yt\u00e4nn\u00f6ist\u00e4 on Googlen tietosuoja ja ehdot -sivustolla:\u00a0<a class=\"ng-star-inserted\" href=\"http:\/\/www.google.com\/intl\/en\/policies\/privacy\/?authuser=2\" target=\"_blank\" rel=\"noopener\" data-hveid=\"0\" data-ved=\"0CAAQ_4QMahcKEwjE8u3j9bCSAxUAAAAAHQAAAAAQTQ\">http:\/\/www.google.com\/intl\/en\/policies\/privacy\/<\/a><\/p>\n<\/li>\n<\/ul>\n<h2 data-path-to-node=\"63\">Linkit muille sivustoille<\/h2>\n<p data-path-to-node=\"64\">Palvelumme voi sis\u00e4lt\u00e4\u00e4 linkkej\u00e4 muille sivustoille, joita me emme yll\u00e4pid\u00e4. Jos napsautat kolmannen osapuolen linkki\u00e4, sinut ohjataan kyseisen kolmannen osapuolen sivustolle. Suosittelemme, ett\u00e4 tutustut jokaisen vierailemasi sivuston tietosuojak\u00e4yt\u00e4nt\u00f6\u00f6n.<\/p>\n<p data-path-to-node=\"65\">Emme voi valvoa emmek\u00e4 ota vastuuta kolmansien osapuolten sivustojen tai palveluiden sis\u00e4ll\u00f6st\u00e4, tietosuojak\u00e4yt\u00e4nn\u00f6ist\u00e4 tai k\u00e4yt\u00e4nn\u00f6ist\u00e4.<\/p>\n<h2 data-path-to-node=\"66\">Lasten yksityisyys<\/h2>\n<p data-path-to-node=\"68\">Emme tietoisesti ker\u00e4\u00e4 henkil\u00f6kohtaisesti tunnistettavia tietoja alle 18-vuotiailta. Jos olet vanhempi tai huoltaja ja tied\u00e4t, ett\u00e4 lapsesi on antanut meille henkil\u00f6tietoja, ota meihin yhteytt\u00e4. Jos saamme tiet\u00e4\u00e4, ett\u00e4 olemme ker\u00e4nneet henkil\u00f6tietoja lapsilta ilman vanhempien suostumusta, ryhdymme toimenpiteisiin kyseisten tietojen poistamiseksi palvelimiltamme.<\/p>\n<h2 data-path-to-node=\"69\">Muutokset t\u00e4h\u00e4n tietosuojak\u00e4yt\u00e4nt\u00f6\u00f6n<\/h2>\n<p data-path-to-node=\"70\">Saatamme p\u00e4ivitt\u00e4\u00e4 tietosuojak\u00e4yt\u00e4nt\u00f6\u00e4mme aika ajoin. Ilmoitamme sinulle kaikista muutoksista julkaisemalla uuden tietosuojak\u00e4yt\u00e4nn\u00f6n t\u00e4ll\u00e4 sivulla.<\/p>\n<p data-path-to-node=\"71\">Ilmoitamme siit\u00e4 sinulle s\u00e4hk\u00f6postitse ja\/tai n\u00e4kyv\u00e4sti palvelussamme ennen muutoksen voimaantuloa ja p\u00e4ivit\u00e4mme t\u00e4m\u00e4n tietosuojak\u00e4yt\u00e4nn\u00f6n yl\u00e4osassa olevan \u201cvoimaantulop\u00e4iv\u00e4m\u00e4\u00e4r\u00e4n\u201d.<\/p>\n<p data-path-to-node=\"72\">Sinua kehotetaan tarkistamaan t\u00e4m\u00e4 tietosuojak\u00e4yt\u00e4nt\u00f6 s\u00e4\u00e4nn\u00f6llisesti mahdollisten muutosten varalta. T\u00e4h\u00e4n tietosuojak\u00e4yt\u00e4nt\u00f6\u00f6n tehdyt muutokset tulevat voimaan, kun ne julkaistaan t\u00e4ll\u00e4 sivulla.<\/p>\n<h2 data-path-to-node=\"73\">Ota yhteytt\u00e4<\/h2>\n<p data-path-to-node=\"74\">Jos sinulla on kysytt\u00e4v\u00e4\u00e4 t\u00e4st\u00e4 tietosuojak\u00e4yt\u00e4nn\u00f6st\u00e4, ota meihin yhteytt\u00e4:<\/p>\n<ul data-path-to-node=\"75\">\n<li>\n<p data-path-to-node=\"75,0,0\">K\u00e4ym\u00e4ll\u00e4 t\u00e4ll\u00e4 sivulla verkkosivustollamme:\u00a0<a class=\"ng-star-inserted\" href=\"https:\/\/wellbeinginschools.eu\/fi\/contact\/\" target=\"_blank\" rel=\"noopener\" data-hveid=\"0\" data-ved=\"0CAAQ_4QMahcKEwjE8u3j9bCSAxUAAAAAHQAAAAAQTg\">https:\/\/wellbeinginschools.eu\/contact\/<\/a><\/p>\n<\/li>\n<\/ul>\n<\/div><\/div><\/div><\/div><\/div>","protected":false},"excerpt":{"rendered":"","protected":false},"author":1,"featured_media":0,"parent":0,"menu_order":0,"comment_status":"closed","ping_status":"open","template":"","meta":{"_acf_changed":false,"footnotes":""},"class_list":["post-3","page","type-page","status-publish","hentry"],"acf":[],"_links":{"self":[{"href":"https:\/\/wellbeinginschools.eu\/fi\/wp-json\/wp\/v2\/pages\/3","targetHints":{"allow":["GET"]}}],"collection":[{"href":"https:\/\/wellbeinginschools.eu\/fi\/wp-json\/wp\/v2\/pages"}],"about":[{"href":"https:\/\/wellbeinginschools.eu\/fi\/wp-json\/wp\/v2\/types\/page"}],"author":[{"embeddable":true,"href":"https:\/\/wellbeinginschools.eu\/fi\/wp-json\/wp\/v2\/users\/1"}],"replies":[{"embeddable":true,"href":"https:\/\/wellbeinginschools.eu\/fi\/wp-json\/wp\/v2\/comments?post=3"}],"version-history":[{"count":1,"href":"https:\/\/wellbeinginschools.eu\/fi\/wp-json\/wp\/v2\/pages\/3\/revisions"}],"predecessor-version":[{"id":1260,"href":"https:\/\/wellbeinginschools.eu\/fi\/wp-json\/wp\/v2\/pages\/3\/revisions\/1260"}],"wp:attachment":[{"href":"https:\/\/wellbeinginschools.eu\/fi\/wp-json\/wp\/v2\/media?parent=3"}],"curies":[{"name":"wp","href":"https:\/\/api.w.org\/{rel}","templated":true}]}}