{"id":1381,"date":"2026-05-11T16:49:53","date_gmt":"2026-05-11T16:49:53","guid":{"rendered":"https:\/\/wellbeinginschools.eu\/?page_id=1381"},"modified":"2026-05-11T16:49:53","modified_gmt":"2026-05-11T16:49:53","slug":"curriculum-description-for-teachers","status":"publish","type":"page","link":"https:\/\/wellbeinginschools.eu\/fi\/curriculum-description-for-teachers\/","title":{"rendered":"Opetussuunnitelman kuvaus opettajille"},"content":{"rendered":"<p><div class=\"fusion-bg-parallax\" data-bg-align=\"left center\" data-direction=\"left\" data-mute=\"false\" data-opacity=\"100\" data-velocity=\"-0.4\" data-mobile-enabled=\"false\" data-break_parents=\"0\" data-bg-image=\"https:\/\/wellbeinginschools.eu\/wp-content\/uploads\/2026\/02\/library-1-scaled.jpg\" data-bg-repeat=\"false\" ><\/div><div class=\"fusion-fullwidth fullwidth-box fusion-builder-row-1 fusion-flex-container has-pattern-background has-mask-background fusion-parallax-left nonhundred-percent-fullwidth non-hundred-percent-height-scrolling lazyload\" style=\"--awb-background-position:left center;--awb-border-sizes-top:0px;--awb-border-sizes-bottom:0px;--awb-border-sizes-left:0px;--awb-border-sizes-right:0px;--awb-border-radius-top-left:0px;--awb-border-radius-top-right:0px;--awb-border-radius-bottom-right:0px;--awb-border-radius-bottom-left:0px;--awb-padding-top:10%;--awb-padding-right:5%;--awb-padding-bottom:10%;--awb-padding-left:5%;--awb-background-size:cover;--awb-flex-wrap:wrap;\" data-bg=\"https:\/\/wellbeinginschools.eu\/wp-content\/uploads\/2026\/02\/library-1-scaled.jpg\" ><div class=\"fusion-builder-row fusion-row fusion-flex-align-items-flex-start fusion-flex-content-wrap\" style=\"max-width:calc( 1170px + 0px );margin-left: calc(-0px \/ 2 );margin-right: calc(-0px \/ 2 );\"><div class=\"fusion-layout-column fusion_builder_column fusion-builder-column-0 fusion_builder_column_1_1 1_1 fusion-flex-column\" style=\"--awb-bg-blend:overlay;--awb-bg-size:cover;--awb-width-large:100%;--awb-margin-top-large:0px;--awb-spacing-right-large:0px;--awb-margin-bottom-large:30px;--awb-spacing-left-large:0px;--awb-width-medium:100%;--awb-spacing-right-medium:0px;--awb-spacing-left-medium:0px;--awb-width-small:100%;--awb-spacing-right-small:0px;--awb-spacing-left-small:0px;\"><div class=\"fusion-column-wrapper fusion-flex-justify-content-flex-start fusion-content-layout-column\"><div class=\"fusion-title title fusion-title-1 fusion-sep-none fusion-title-center fusion-title-text fusion-title-size-one\" style=\"--awb-text-color:var(--awb-color1);--awb-margin-top:50px;--awb-margin-bottom:30px;--awb-margin-top-medium:20px;\"><h1 class=\"fusion-title-heading title-heading-center fusion-responsive-typography-calculated\" style=\"margin:0;text-transform:capitalize;--fontSize:80;line-height:var(--awb-typography1-line-height);\">Opetussuunnitelman kuvaus opettajille<\/h1><\/div><\/div><\/div><\/div><\/div><div class=\"fusion-fullwidth fullwidth-box fusion-builder-row-2 fusion-flex-container hundred-percent-fullwidth non-hundred-percent-height-scrolling\" style=\"--awb-background-position:left top;--awb-border-sizes-top:0px;--awb-border-sizes-bottom:0px;--awb-border-sizes-left:0px;--awb-border-sizes-right:0px;--awb-border-radius-top-left:0px;--awb-border-radius-top-right:0px;--awb-border-radius-bottom-right:0px;--awb-border-radius-bottom-left:0px;--awb-padding-top:100px;--awb-padding-right:12%;--awb-padding-bottom:115px;--awb-padding-left:12%;--awb-background-color:hsla(var(--awb-color8-h),var(--awb-color8-s),calc( var(--awb-color8-l) + 78% ),var(--awb-color8-a));--awb-flex-wrap:wrap;\" ><div class=\"fusion-builder-row fusion-row fusion-flex-align-items-flex-start fusion-flex-content-wrap\" style=\"width:calc( 100% + 0px ) !important;max-width:calc( 100% + 0px ) !important;margin-left: calc(-0px \/ 2 );margin-right: calc(-0px \/ 2 );\"><div class=\"fusion-layout-column fusion_builder_column fusion-builder-column-1 fusion_builder_column_1_1 1_1 fusion-flex-column\" style=\"--awb-bg-blend:overlay;--awb-bg-size:cover;--awb-width-large:100%;--awb-margin-top-large:0px;--awb-spacing-right-large:calc( 0.02 * calc( 100% - 0px ) );--awb-margin-bottom-large:30px;--awb-spacing-left-large:0px;--awb-width-medium:100%;--awb-spacing-right-medium:0px;--awb-spacing-left-medium:0px;--awb-width-small:100%;--awb-spacing-right-small:0px;--awb-spacing-left-small:0px;\"><div class=\"fusion-column-wrapper fusion-flex-justify-content-flex-start fusion-content-layout-column\"><div class=\"fusion-title title fusion-title-2 fusion-sep-none fusion-title-center fusion-title-text fusion-title-size-three\"><h3 class=\"fusion-title-heading title-heading-center fusion-responsive-typography-calculated\" style=\"margin:0;text-transform:capitalize;--fontSize:22;--minFontSize:22;line-height:2.2;\">Opetussuunnitelman kuvaus opettajille<\/h3><\/div><div class=\"fusion-text fusion-text-1\"><p>T\u00e4m\u00e4 opetussuunnitelma-asiakirja tarjoaa lyhyen yleiskatsauksen mindfulness-harjoitusten toteutusta koskevasta koulutusohjelmasta alakoulun (ISCED 2) tasolla viidess\u00e4 maassa (CZ, SK, EL, IE, FI) Wellbeing in Schools -projektin puitteissa. Wellbeing in Schools -mindfulness-opetussuunnitelma vastaa kasvavaan tarpeeseen sosiaalis-emotionaaliselle tuelle ja henkiselle joustavuudelle nuorten keskuudessa. Ohjelma pyrkii edist\u00e4m\u00e4\u00e4n sis\u00e4ist\u00e4 tietoisuutta, itses\u00e4\u00e4tely\u00e4 ja terveempi\u00e4 ihmissuhteita integroimalla lyhyit\u00e4 p\u00e4ivitt\u00e4isi\u00e4 harjoituksia ja omistettuja oppitunteja koulun rutiineihin, luoden lopulta tukevamman ja osallistavamman oppimisymp\u00e4rist\u00f6n.<\/p>\n<\/div><div style=\"text-align:center;\"><a class=\"fusion-button button-flat button-large button-default fusion-button-default button-1 fusion-button-default-span fusion-button-default-type\" style=\"width:calc(100%);\" target=\"_blank\" rel=\"noopener noreferrer\" href=\"https:\/\/wellbeinginschools.eu\/wp-content\/uploads\/2026\/05\/Curriculum-Description_EN.pdf\"><span class=\"fusion-button-text awb-button__text awb-button__text--default\">Lataa PDF-tiedosto<\/span><\/a><\/div><\/div><\/div><\/div><\/div><\/p>","protected":false},"excerpt":{"rendered":"","protected":false},"author":1,"featured_media":0,"parent":0,"menu_order":0,"comment_status":"closed","ping_status":"closed","template":"100-width.php","meta":{"footnotes":""},"class_list":["post-1381","page","type-page","status-publish","hentry"],"_links":{"self":[{"href":"https:\/\/wellbeinginschools.eu\/fi\/wp-json\/wp\/v2\/pages\/1381","targetHints":{"allow":["GET"]}}],"collection":[{"href":"https:\/\/wellbeinginschools.eu\/fi\/wp-json\/wp\/v2\/pages"}],"about":[{"href":"https:\/\/wellbeinginschools.eu\/fi\/wp-json\/wp\/v2\/types\/page"}],"author":[{"embeddable":true,"href":"https:\/\/wellbeinginschools.eu\/fi\/wp-json\/wp\/v2\/users\/1"}],"replies":[{"embeddable":true,"href":"https:\/\/wellbeinginschools.eu\/fi\/wp-json\/wp\/v2\/comments?post=1381"}],"version-history":[{"count":1,"href":"https:\/\/wellbeinginschools.eu\/fi\/wp-json\/wp\/v2\/pages\/1381\/revisions"}],"predecessor-version":[{"id":1382,"href":"https:\/\/wellbeinginschools.eu\/fi\/wp-json\/wp\/v2\/pages\/1381\/revisions\/1382"}],"wp:attachment":[{"href":"https:\/\/wellbeinginschools.eu\/fi\/wp-json\/wp\/v2\/media?parent=1381"}],"curies":[{"name":"wp","href":"https:\/\/api.w.org\/{rel}","templated":true}]}}